{"id":7,"date":"2026-03-11T15:33:58","date_gmt":"2026-03-11T15:33:58","guid":{"rendered":"https:\/\/sintratic.org\/?page_id=7"},"modified":"2026-03-27T14:59:17","modified_gmt":"2026-03-27T14:59:17","slug":"home","status":"publish","type":"page","link":"https:\/\/sintratic.org\/","title":{"rendered":"HOME"},"content":{"rendered":"\n\t\t\t\t\t\t<div class=\"wp-block-columns is-layout-flex wp-container-core-columns-is-layout-79832dff wp-block-columns-is-layout-flex\" style=\"margin-bottom:var(--wp--preset--spacing--60)\">\n\t\t\t\t\t\t<div class=\"wp-block-column is-layout-flow wp-block-column-is-layout-flow\">\n\t\t\t\t\t\t<figure class=\"wp-block-image size-full\"><img decoding=\"async\" src=\"https:\/\/sintratic.org\/wp-content\/themes\/lightning\/_g3\/assets\/images\/sample-image-gray.png\" alt=\"\"\/><\/figure>\n\t\t\t\t\t\t\n\t\t\t\t\t\t\n\t\t\t\t\t\t\n\t\t\t\t\t\t<h5 class=\"wp-block-heading\" id=\"vk-blocks\" style=\"margin-top:1.5rem;margin-bottom:1rem\">Title Text<\/h5>\n\t\t\t\t\t\t\n\t\t\t\t\t\t\n\t\t\t\t\t\t\n\t\t\t\t\t\t<p>Lorem ipsum dolor sit amet, consectetur adipiscing elit, sed do eiusmod tempor incididunt ut labore et dolore magna aliqua.<\/p>\n\t\t\t\t\t\t\n\t\t\t\t\t\t\n\t\t\t\t\t\t\n\t\t\t\t\t\t<div class=\"wp-block-buttons is-layout-flex wp-block-buttons-is-layout-flex\">\n\t\t\t\t\t\t<div class=\"wp-block-button has-custom-font-size is-style-outline has-small-font-size is-style-outline--1\"><a class=\"wp-block-button__link wp-element-button\" href=\"\" style=\"border-radius:0px;padding-top:0.5em;padding-right:1em;padding-bottom:0.5em;padding-left:1em\">Read more<\/a><\/div>\n\t\t\t\t\t\t<\/div>\n\t\t\t\t\t\t<\/div>\n\t\t\t\t\t\t\n\t\t\t\t\t\t\n\t\t\t\t\t\t\n\t\t\t\t\t\t<div class=\"wp-block-column is-layout-flow wp-block-column-is-layout-flow\">\n\t\t\t\t\t\t<figure class=\"wp-block-image size-full\"><img decoding=\"async\" src=\"https:\/\/sintratic.org\/wp-content\/themes\/lightning\/_g3\/assets\/images\/sample-image-gray.png\" alt=\"\"\/><\/figure>\n\t\t\t\t\t\t\n\t\t\t\t\t\t\n\t\t\t\t\t\t\n\t\t\t\t\t\t<h5 class=\"wp-block-heading\" id=\"vk-blocks\" style=\"margin-top:1.5rem;margin-bottom:1rem\">Title Text<\/h5>\n\t\t\t\t\t\t\n\t\t\t\t\t\t\n\t\t\t\t\t\t\n\t\t\t\t\t\t<p>Lorem ipsum dolor sit amet, consectetur adipiscing elit, sed do eiusmod tempor incididunt ut labore et dolore magna aliqua.<\/p>\n\t\t\t\t\t\t\n\t\t\t\t\t\t\n\t\t\t\t\t\t\n\t\t\t\t\t\t<div class=\"wp-block-buttons is-layout-flex wp-block-buttons-is-layout-flex\">\n\t\t\t\t\t\t<div class=\"wp-block-button has-custom-font-size is-style-outline has-small-font-size is-style-outline--2\"><a class=\"wp-block-button__link wp-element-button\" href=\"\" style=\"border-radius:0px;padding-top:0.5em;padding-right:1em;padding-bottom:0.5em;padding-left:1em\">Read more<\/a><\/div>\n\t\t\t\t\t\t<\/div>\n\t\t\t\t\t\t<\/div>\n\t\t\t\t\t\t\n\t\t\t\t\t\t\n\t\t\t\t\t\t\n\t\t\t\t\t\t<div class=\"wp-block-column is-layout-flow wp-block-column-is-layout-flow\">\n\t\t\t\t\t\t<figure class=\"wp-block-image size-full\"><img decoding=\"async\" src=\"https:\/\/sintratic.org\/wp-content\/themes\/lightning\/_g3\/assets\/images\/sample-image-gray.png\" alt=\"\"\/><\/figure>\n\t\t\t\t\t\t\n\t\t\t\t\t\t\n\t\t\t\t\t\t\n\t\t\t\t\t\t<h5 class=\"wp-block-heading\" id=\"vk-blocks\" style=\"margin-top:1.5rem;margin-bottom:1rem\">Title Text<\/h5>\n\t\t\t\t\t\t\n\t\t\t\t\t\t\n\t\t\t\t\t\t\n\t\t\t\t\t\t<p>Lorem ipsum dolor sit amet, consectetur adipiscing elit, sed do eiusmod tempor incididunt ut labore et dolore magna aliqua.<\/p>\n\t\t\t\t\t\t\n\t\t\t\t\t\t\n\t\t\t\t\t\t\n\t\t\t\t\t\t<div class=\"wp-block-buttons is-layout-flex wp-block-buttons-is-layout-flex\">\n\t\t\t\t\t\t<div class=\"wp-block-button has-custom-font-size is-style-outline has-small-font-size is-style-outline--3\"><a class=\"wp-block-button__link wp-element-button\" href=\"\" style=\"border-radius:0px;padding-top:0.5em;padding-right:1em;padding-bottom:0.5em;padding-left:1em\">Read more<\/a><\/div>\n\t\t\t\t\t\t<\/div>\n\t\t\t\t\t\t<\/div>\n\t\t\t\t\t\t\n\t\t\t\t\t\t\n\t\t\t\t\t\t\n\t\t\t\t\t\t<div class=\"wp-block-column is-layout-flow wp-block-column-is-layout-flow\">\n\t\t\t\t\t\t<figure class=\"wp-block-image size-full\"><img decoding=\"async\" src=\"https:\/\/sintratic.org\/wp-content\/themes\/lightning\/_g3\/assets\/images\/sample-image-gray.png\" alt=\"\"\/><\/figure>\n\t\t\t\t\t\t\n\t\t\t\t\t\t\n\t\t\t\t\t\t\n\t\t\t\t\t\t<h5 class=\"wp-block-heading\" id=\"vk-blocks\" style=\"margin-top:1.5rem;margin-bottom:1rem\">Title Text<\/h5>\n\t\t\t\t\t\t\n\t\t\t\t\t\t\n\t\t\t\t\t\t\n\t\t\t\t\t\t<p>Lorem ipsum dolor sit amet, consectetur adipiscing elit, sed do eiusmod tempor incididunt ut labore et dolore magna aliqua.<\/p>\n\t\t\t\t\t\t\n\t\t\t\t\t\t\n\t\t\t\t\t\t\n\t\t\t\t\t\t<div class=\"wp-block-buttons is-layout-flex wp-block-buttons-is-layout-flex\">\n\t\t\t\t\t\t<div class=\"wp-block-button has-custom-font-size is-style-outline has-small-font-size is-style-outline--4\"><a class=\"wp-block-button__link wp-element-button\" href=\"\" style=\"border-radius:0px;padding-top:0.5em;padding-right:1em;padding-bottom:0.5em;padding-left:1em\">Read more<\/a><\/div>\n\t\t\t\t\t\t<\/div>\n\t\t\t\t\t\t<\/div>\n\t\t\t\t\t\t<\/div>\n\t\t\t\t\t\t\n\t\t\t\t\t\t\n\t\t\t\t\t\t\n\t\t\t\t\t\t<div class=\"wp-block-cover alignfull is-light\" style=\"padding-top:var(--wp--preset--spacing--60);padding-bottom:var(--wp--preset--spacing--60);min-height:250px;aspect-ratio:unset;\"><span aria-hidden=\"true\" class=\"wp-block-cover__background has-background-dim-100 has-background-dim\" style=\"background-color:#f3f3f3\"><\/span><div class=\"wp-block-cover__inner-container is-layout-flow wp-block-cover-is-layout-flow\">\n\t\t\t\t\t\t<div class=\"wp-block-columns are-vertically-aligned-center is-layout-flex wp-container-core-columns-is-layout-cbe57604 wp-block-columns-is-layout-flex\">\n\t\t\t\t\t\t<div class=\"wp-block-column is-vertically-aligned-center is-layout-flow wp-block-column-is-layout-flow\" style=\"flex-basis:33.33%\">\n\t\t\t\t\t\t<figure class=\"wp-block-image aligncenter\"><img decoding=\"async\" src=\"https:\/\/sintratic.org\/wp-content\/themes\/lightning\/_g3\/assets\/images\/logo_Lightning.png\" alt=\"\"\/><\/figure>\n\t\t\t\t\t\t<\/div>\n\t\t\t\t\t\t\n\t\t\t\t\t\t\n\t\t\t\t\t\t\n\t\t\t\t\t\t<div class=\"wp-block-column is-vertically-aligned-center is-layout-flow wp-block-column-is-layout-flow\" style=\"flex-basis:66.66%\">\n\t\t\t\t\t\t<h4 class=\"wp-block-heading has-black-color has-text-color\">Layout Control<\/h4>\n\t\t\t\t\t\t\n\t\t\t\t\t\t\n\t\t\t\t\t\t\n\t\t\t\t\t\t<p class=\"has-black-color has-text-color\">Lightning has column control function that you can specific column number from \u00abAppearance &gt; Customize &gt; Lightning Layout Setting\u00bb and specific post edit screen.<\/p>\n\t\t\t\t\t\t<\/div>\n\t\t\t\t\t\t<\/div>\n\t\t\t\t\t\t<\/div><\/div>\n\t\t\t\t\t\t\n\t\t\t\t\t\t\n\t\t\t\t\t\t\n\t\t\t\t\t\t<div style=\"height:60px\" aria-hidden=\"true\" class=\"wp-block-spacer\"><\/div>\n\t\t\t\t\t\t\n\t\t\t\t\t\t\n\t\t\t\t\t\t\n\t\t\t\t\t\t<h2 class=\"wp-block-heading\">News &amp; Information<\/h2>\n\t\t\t\t\t\t\n\t\t\t\t\t\t\n\t\t\t\t\t\t<ul class=\"wp-block-latest-posts__list has-dates wp-block-latest-posts\"><li><a class=\"wp-block-latest-posts__post-title\" href=\"https:\/\/sintratic.org\/index.php\/2026\/03\/09\/conmemoracion-del-dia-de-la-mujer-exaltando-el-talento-y-la-labor-de-nuestras-afiliadas\/\">Conmemoraci\u00f3n del D\u00eda de la Mujer: Exaltando el talento y la labor de nuestras afiliadas<\/a><time datetime=\"2026-03-09T10:00:00+00:00\" class=\"wp-block-latest-posts__post-date\">marzo 9, 2026<\/time><div class=\"wp-block-latest-posts__post-excerpt\">Conmemoraci\u00f3n del D\u00eda de la Mujer: Exaltando el talento y la labor de nuestras afiliadas En el marco de la conmemoraci\u00f3n del D\u00eda Internacional de la Mujer, SINTRATIC rindi\u00f3 un sentido homenaje a las mujeres que, con su profesionalismo y dedicaci\u00f3n, fortalecen diariamente el sector de las Tecnolog\u00edas de la Informaci\u00f3n y las Comunicaciones en&#8230; <a class=\"wp-block-latest-posts__read-more\" href=\"https:\/\/sintratic.org\/index.php\/2026\/03\/09\/conmemoracion-del-dia-de-la-mujer-exaltando-el-talento-y-la-labor-de-nuestras-afiliadas\/\" rel=\"noopener noreferrer\">Lee m\u00e1s<span class=\"screen-reader-text\">: Conmemoraci\u00f3n del D\u00eda de la Mujer: Exaltando el talento y la labor de nuestras afiliadas<\/span><\/a><\/div><\/li>\n<\/ul>","protected":false},"excerpt":{"rendered":"<p>Title Text Lorem ipsum dolor sit amet, consectetur adipiscing elit, sed do eiusmod tempor incididunt ut labore et dolore magna aliqua. Title Text Lorem ipsum dolor sit amet, consectetur adipiscing elit, sed do eiusmod tempor incididunt ut labore et dolore magna aliqua. Title Text Lorem ipsum dolor sit amet, consectetur adipiscing elit, sed do eiusmod [&hellip;]<\/p>\n","protected":false},"author":1,"featured_media":0,"parent":0,"menu_order":0,"comment_status":"closed","ping_status":"closed","template":"","meta":{"footnotes":""},"class_list":["post-7","page","type-page","status-publish","hentry"],"_links":{"self":[{"href":"https:\/\/sintratic.org\/index.php\/wp-json\/wp\/v2\/pages\/7","targetHints":{"allow":["GET"]}}],"collection":[{"href":"https:\/\/sintratic.org\/index.php\/wp-json\/wp\/v2\/pages"}],"about":[{"href":"https:\/\/sintratic.org\/index.php\/wp-json\/wp\/v2\/types\/page"}],"author":[{"embeddable":true,"href":"https:\/\/sintratic.org\/index.php\/wp-json\/wp\/v2\/users\/1"}],"replies":[{"embeddable":true,"href":"https:\/\/sintratic.org\/index.php\/wp-json\/wp\/v2\/comments?post=7"}],"version-history":[{"count":3,"href":"https:\/\/sintratic.org\/index.php\/wp-json\/wp\/v2\/pages\/7\/revisions"}],"predecessor-version":[{"id":140,"href":"https:\/\/sintratic.org\/index.php\/wp-json\/wp\/v2\/pages\/7\/revisions\/140"}],"wp:attachment":[{"href":"https:\/\/sintratic.org\/index.php\/wp-json\/wp\/v2\/media?parent=7"}],"curies":[{"name":"wp","href":"https:\/\/api.w.org\/{rel}","templated":true}]}}